{"id":890,"date":"2022-11-21T22:46:10","date_gmt":"2022-11-21T22:46:10","guid":{"rendered":"https:\/\/www.archuntgame.com\/?post_type=product&#038;p=890"},"modified":"2022-11-21T23:43:31","modified_gmt":"2022-11-21T23:43:31","slug":"affiche","status":"publish","type":"product","link":"https:\/\/www.archuntgame.com\/index.php\/fr\/producto\/affiche\/","title":{"rendered":"Affiche"},"content":{"rendered":"","protected":false},"excerpt":{"rendered":"<p>Affiche en papier photographique 200g avec illustration du jeu Arch-Hunt.<\/p>\n<p>Si vous choisissez une illustration personnalis\u00e9e, la commande peut avoir un d\u00e9lais suppl\u00e9mentaire de quelques jours.<\/p>\n<p>(Cadre non inclus.)<\/p>\n","protected":false},"featured_media":884,"template":"","meta":[],"product_brand":[],"product_cat":[99],"product_tag":[],"class_list":{"0":"post-890","1":"product","2":"type-product","3":"status-publish","4":"has-post-thumbnail","6":"product_cat-sin-categorizar-fr","8":"first","9":"instock","10":"taxable","11":"shipping-taxable","12":"purchasable","13":"product-type-variable","14":"has-default-attributes"},"_links":{"self":[{"href":"https:\/\/www.archuntgame.com\/index.php\/wp-json\/wp\/v2\/product\/890","targetHints":{"allow":["GET"]}}],"collection":[{"href":"https:\/\/www.archuntgame.com\/index.php\/wp-json\/wp\/v2\/product"}],"about":[{"href":"https:\/\/www.archuntgame.com\/index.php\/wp-json\/wp\/v2\/types\/product"}],"wp:featuredmedia":[{"embeddable":true,"href":"https:\/\/www.archuntgame.com\/index.php\/wp-json\/wp\/v2\/media\/884"}],"wp:attachment":[{"href":"https:\/\/www.archuntgame.com\/index.php\/wp-json\/wp\/v2\/media?parent=890"}],"wp:term":[{"taxonomy":"product_brand","embeddable":true,"href":"https:\/\/www.archuntgame.com\/index.php\/wp-json\/wp\/v2\/product_brand?post=890"},{"taxonomy":"product_cat","embeddable":true,"href":"https:\/\/www.archuntgame.com\/index.php\/wp-json\/wp\/v2\/product_cat?post=890"},{"taxonomy":"product_tag","embeddable":true,"href":"https:\/\/www.archuntgame.com\/index.php\/wp-json\/wp\/v2\/product_tag?post=890"}],"curies":[{"name":"wp","href":"https:\/\/api.w.org\/{rel}","templated":true}]}}