{"id":862,"date":"2022-11-21T22:29:45","date_gmt":"2022-11-21T22:29:45","guid":{"rendered":"https:\/\/www.archuntgame.com\/?post_type=product&#038;p=862"},"modified":"2022-11-21T23:43:32","modified_gmt":"2022-11-21T23:43:32","slug":"laminas","status":"publish","type":"product","link":"https:\/\/www.archuntgame.com\/index.php\/producto\/laminas\/","title":{"rendered":"L\u00e1mina"},"content":{"rendered":"","protected":false},"excerpt":{"rendered":"<p>L\u00e1mina en papel fotogr\u00e1fico de 200 g con ilustraciones de Arch-Hunt.<\/p>\n<p>Si escoges una ilustraci\u00f3n personalizada, el pedido puede retrasarse respecto a los plazos de entrega est\u00e1ndar.<\/p>\n<p>(Marco no incluido.)<\/p>\n","protected":false},"featured_media":884,"template":"","meta":[],"product_brand":[],"product_cat":[103],"product_tag":[],"class_list":{"0":"post-862","1":"product","2":"type-product","3":"status-publish","4":"has-post-thumbnail","6":"product_cat-sin-categorizar-fr-es","8":"first","9":"instock","10":"taxable","11":"shipping-taxable","12":"purchasable","13":"product-type-variable","14":"has-default-attributes"},"_links":{"self":[{"href":"https:\/\/www.archuntgame.com\/index.php\/wp-json\/wp\/v2\/product\/862","targetHints":{"allow":["GET"]}}],"collection":[{"href":"https:\/\/www.archuntgame.com\/index.php\/wp-json\/wp\/v2\/product"}],"about":[{"href":"https:\/\/www.archuntgame.com\/index.php\/wp-json\/wp\/v2\/types\/product"}],"wp:featuredmedia":[{"embeddable":true,"href":"https:\/\/www.archuntgame.com\/index.php\/wp-json\/wp\/v2\/media\/884"}],"wp:attachment":[{"href":"https:\/\/www.archuntgame.com\/index.php\/wp-json\/wp\/v2\/media?parent=862"}],"wp:term":[{"taxonomy":"product_brand","embeddable":true,"href":"https:\/\/www.archuntgame.com\/index.php\/wp-json\/wp\/v2\/product_brand?post=862"},{"taxonomy":"product_cat","embeddable":true,"href":"https:\/\/www.archuntgame.com\/index.php\/wp-json\/wp\/v2\/product_cat?post=862"},{"taxonomy":"product_tag","embeddable":true,"href":"https:\/\/www.archuntgame.com\/index.php\/wp-json\/wp\/v2\/product_tag?post=862"}],"curies":[{"name":"wp","href":"https:\/\/api.w.org\/{rel}","templated":true}]}}