{"id":656,"date":"2021-12-14T16:20:54","date_gmt":"2021-12-14T16:20:54","guid":{"rendered":"https:\/\/www.archuntgame.com\/?post_type=product&#038;p=656"},"modified":"2022-11-11T19:50:44","modified_gmt":"2022-11-11T19:50:44","slug":"8-postales","status":"publish","type":"product","link":"https:\/\/www.archuntgame.com\/index.php\/producto\/8-postales\/","title":{"rendered":"8 Postales"},"content":{"rendered":"<p>Pack de 8 postales con ilustraciones de ARCH-HUNT.<\/p>\n<p>Tama\u00f1o 105x148mm. Acabado mate.<\/p>\n<p>Incluye una postal aleatoria correspondiente a cada \u00e9poca del juego.<\/p>\n<p>Las posibles postales son:<\/p>\n<ul>\n<li>Classics (1900-1949):<\/li>\n<\/ul>\n<p style=\"padding-left: 80px;\">&#8211;\u00a0 Casa Melnikov, Konstantin Melnikov.<\/p>\n<p style=\"padding-left: 80px;\">&#8211;\u00a0 Villa Savoye, Le Corbusier.<\/p>\n<p style=\"padding-left: 80px;\">&#8211;\u00a0 Casa de la Cascada, Frank Lloyd Wright.<\/p>\n<ul>\n<li>A\u00f1os 50:<\/li>\n<\/ul>\n<p style=\"padding-left: 80px;\">&#8211;\u00a0 Museo Guggenheim de Nueva York, Frank Lloyd Wright.<\/p>\n<p style=\"padding-left: 80px;\">&#8211;\u00a0 Casa experimental, Alvar Aalto.<\/p>\n<p style=\"padding-left: 80px;\">&#8211;\u00a0 Capilla de Notre Dame du Haut, Le Corbusier.<\/p>\n<ul>\n<li>A\u00f1os 60:<\/li>\n<\/ul>\n<p style=\"padding-left: 80px;\">&#8211;\u00a0 Catedral de Saint Mary, Kenzo Tange.<\/p>\n<p style=\"padding-left: 80px;\">&#8211;\u00a0 Museo de arte de Sao Paulo, Lina Bo Bardi.<\/p>\n<p style=\"padding-left: 80px;\">&#8211;\u00a0 Biosphere, Richard Buckminster Fuller.<\/p>\n<ul>\n<li>A\u00f1os 70:<\/li>\n<\/ul>\n<p style=\"padding-left: 80px;\">&#8211;\u00a0 Biblioteca Phillips Exeter, Louis Kahn.<\/p>\n<p style=\"padding-left: 80px;\">&#8211;\u00a0 \u00d3pera de Sydney, Jorn Utzon.<\/p>\n<p style=\"padding-left: 80px;\">&#8211;\u00a0 Centro Pompidou, Richard Rogers y Renzo Piano.<\/p>\n<ul>\n<li>A\u00f1os 80:<\/li>\n<\/ul>\n<p style=\"padding-left: 80px;\">&#8211;\u00a0 Casa Rotonda, Mario Botta.<\/p>\n<p style=\"padding-left: 80px;\">&#8211;\u00a0 Edificio HSBC, Norman Foster.<\/p>\n<p style=\"padding-left: 80px;\">&#8211;\u00a0 Pir\u00e1mide del Louvre, Ieo Ming Pei.<\/p>\n<ul>\n<li>A\u00f1os 90:<\/li>\n<\/ul>\n<p style=\"padding-left: 80px;\">&#8211;\u00a0 Casa Marika-Alderton, Glenn Murcutt.<\/p>\n<p style=\"padding-left: 80px;\">&#8211;\u00a0 Centro cultural Tjibaou, Renzo Piano.<\/p>\n<p style=\"padding-left: 80px;\">&#8211;\u00a0 Museo de arte Niteroi, Oscar Niemeyer.<\/p>\n<ul>\n<li>A\u00f1os 2000:<\/li>\n<\/ul>\n<p style=\"padding-left: 80px;\">&#8211;\u00a0 Salto de esqu\u00ed Bergisel, Zaha Hadid.<\/p>\n<p style=\"padding-left: 80px;\">&#8211;\u00a0 Casa de la m\u00fasica, Rem Koolhas.<\/p>\n<p style=\"padding-left: 80px;\">&#8211;\u00a0 Fundaci\u00f3n Ibere Camargo, \u00c1lvaro Siza.<\/p>\n<ul>\n<li>A\u00f1os 2010:<\/li>\n<\/ul>\n<p style=\"padding-left: 80px;\">&#8211;\u00a0 Via 57 West, Bjarke Ingels Group.<\/p>\n<p style=\"padding-left: 80px;\">&#8211;\u00a0 Vitrahaus, Herzog y de Meuron.<\/p>\n<p style=\"padding-left: 80px;\">&#8211;\u00a0 Rolex Learning Center, SANAA.<\/p>\n<p>&nbsp;<\/p>\n<p>Por defecto el pack incluye una postal aleatoria de cada categor\u00eda. Si tienes alguna preferencia, por favor, ind\u00edcalo en el pedido o env\u00edanos un correo a: info@archuntgame.com<\/p>\n<p>&nbsp;<\/p>\n<p>&nbsp;<\/p>\n","protected":false},"excerpt":{"rendered":"<p>Pack de 8 postales con ilustraciones de ARCH-HUNT.<\/p>\n<p>Tama\u00f1o 105x148mm. Acabado mate.<\/p>\n<p>Incluye una postal correspondiente a cada \u00e9poca del juego.<\/p>\n","protected":false},"featured_media":713,"template":"","meta":[],"product_brand":[],"product_cat":[82],"product_tag":[],"class_list":{"0":"post-656","1":"product","2":"type-product","3":"status-publish","4":"has-post-thumbnail","6":"product_cat-postal-es","8":"first","9":"instock","10":"taxable","11":"shipping-taxable","12":"purchasable","13":"product-type-simple"},"_links":{"self":[{"href":"https:\/\/www.archuntgame.com\/index.php\/wp-json\/wp\/v2\/product\/656","targetHints":{"allow":["GET"]}}],"collection":[{"href":"https:\/\/www.archuntgame.com\/index.php\/wp-json\/wp\/v2\/product"}],"about":[{"href":"https:\/\/www.archuntgame.com\/index.php\/wp-json\/wp\/v2\/types\/product"}],"wp:featuredmedia":[{"embeddable":true,"href":"https:\/\/www.archuntgame.com\/index.php\/wp-json\/wp\/v2\/media\/713"}],"wp:attachment":[{"href":"https:\/\/www.archuntgame.com\/index.php\/wp-json\/wp\/v2\/media?parent=656"}],"wp:term":[{"taxonomy":"product_brand","embeddable":true,"href":"https:\/\/www.archuntgame.com\/index.php\/wp-json\/wp\/v2\/product_brand?post=656"},{"taxonomy":"product_cat","embeddable":true,"href":"https:\/\/www.archuntgame.com\/index.php\/wp-json\/wp\/v2\/product_cat?post=656"},{"taxonomy":"product_tag","embeddable":true,"href":"https:\/\/www.archuntgame.com\/index.php\/wp-json\/wp\/v2\/product_tag?post=656"}],"curies":[{"name":"wp","href":"https:\/\/api.w.org\/{rel}","templated":true}]}}