{"id":277,"date":"2021-04-03T19:05:00","date_gmt":"2021-04-03T19:05:00","guid":{"rendered":"https:\/\/www.archuntgame.com\/?post_type=product&#038;p=277"},"modified":"2024-01-07T21:07:45","modified_gmt":"2024-01-07T21:07:45","slug":"jeu-arch-hunt","status":"publish","type":"product","link":"https:\/\/www.archuntgame.com\/index.php\/fr\/producto\/jeu-arch-hunt\/","title":{"rendered":"Jeu Arch-Hunt"},"content":{"rendered":"<p>Obtenez la meilleure collection de 8 b\u00e2timents. Pour cela, vous devrez \u00e9conomiser et construire les plus belles oeuvres architecturales&#8230; si les autres joueurs le permettent. Un jeu de gestion de ressources, de strat\u00e9gie et de rivalit\u00e9 bas\u00e9 sur l\u2019architecture de 1900 \u00e0 2019.<\/p>\n<p>\u00cates-vous pr\u00eat \u00e0 plonger dans le monde de l\u2019architecture?<\/p>\n<h3 class=\"has-text-align-center\" style=\"text-align: left;\">D\u00e9tails<\/h3>\n<hr \/>\n<p>Dimensions de la bo\u00eete:\u00a0 \u00a0 \u00a0 \u00a0 \u00a0 \u00a0 \u00a0 \u00a0 \u00a0 \u00a0 \u00a0 \u00a0 \u00a0 \u00a0 \u00a0 \u00a0 \u00a0 \u00a0 \u00a0 \u00a0 \u00a0 180x110x35 mm<\/p>\n<p>Langues:\u00a0 \u00a0 \u00a0 \u00a0 \u00a0 \u00a0 \u00a0 \u00a0 \u00a0 \u00a0 \u00a0 \u00a0 \u00a0 \u00a0 \u00a0 \u00a0 \u00a0 \u00a0 \u00a0 \u00a0 \u00a0 \u00a0 \u00a0 \u00a0 \u00a0 \u00a0 \u00a0 \u00a0 \u00a0 \u00a0 \u00a0 \u00a0 \u00a0 \u00a0 \u00a0 \u00a0 Fran\u00e7ais, anglais et espagnol<\/p>\n<p>Th\u00e8me du jeu:\u00a0 \u00a0 \u00a0 \u00a0 \u00a0 \u00a0 \u00a0 \u00a0 \u00a0 \u00a0 \u00a0 \u00a0 \u00a0 \u00a0 \u00a0 \u00a0 \u00a0 \u00a0 \u00a0 \u00a0 \u00a0 \u00a0 \u00a0 \u00a0 \u00a0 \u00a0 \u00a0 \u00a0 \u00a0 \u00a0 \u00a0Architecture<\/p>\n<p>M\u00e9canique:\u00a0 \u00a0 \u00a0 \u00a0 \u00a0 \u00a0 \u00a0 \u00a0 \u00a0 \u00a0 \u00a0 \u00a0 \u00a0 \u00a0 \u00a0 \u00a0 \u00a0 \u00a0 \u00a0 \u00a0 \u00a0 \u00a0 \u00a0 \u00a0 \u00a0 \u00a0 \u00a0 \u00a0 \u00a0 \u00a0 \u00a0 \u00a0 \u00a0\u00a0 Collection, gestion des ressources, strat\u00e9gie<\/p>\n<p>Nombre de joueurs:\u00a0 \u00a0 \u00a0 \u00a0 \u00a0 \u00a0 \u00a0 \u00a0 \u00a0 \u00a0 \u00a0 \u00a0 \u00a0 \u00a0 \u00a0 \u00a0 \u00a0 \u00a0 \u00a0 \u00a0 \u00a0 \u00a0 \u00a0 \u00a0 \u00a0 De 2 \u00e0 8<\/p>\n<p>\u00c2ge des joueurs:\u00a0 \u00a0 \u00a0 \u00a0 \u00a0 \u00a0 \u00a0 \u00a0 \u00a0 \u00a0 \u00a0 \u00a0 \u00a0 \u00a0 \u00a0 \u00a0 \u00a0 \u00a0 \u00a0 \u00a0 \u00a0 \u00a0 \u00a0 \u00a0 \u00a0 \u00a0 \u00a0 \u00a0 \u00a0 \u00c0 partir de 10 ans<\/p>\n","protected":false},"excerpt":{"rendered":"<p><strong>Le premier jeu de soci\u00e9t\u00e9 retra\u00e7ant l\u2019histoire r\u00e9cente de l\u2019architecture!<\/strong><\/p>\n<p>CONTENU:<\/p>\n<ul>\n<li>8 cartes de rol<\/li>\n<li>140 cartes de jeu<\/li>\n<li>50 pi\u00e8ces<\/li>\n<li>12 cartes d&#8217;aide<\/li>\n<\/ul>\n<p>CARACT\u00c9RISTIQUES:<\/p>\n<ul>\n<li>De 2 \u00e0 8 joueur<\/li>\n<li>Recommend\u00e9 \u00e0 partir de 10 ans<\/li>\n<li>Parties de 15 \u00e0 45 minutes<\/li>\n<\/ul>\n","protected":false},"featured_media":380,"template":"","meta":[],"product_brand":[],"product_cat":[58],"product_tag":[],"class_list":{"0":"post-277","1":"product","2":"type-product","3":"status-publish","4":"has-post-thumbnail","6":"product_cat-jeu","8":"first","9":"outofstock","10":"taxable","11":"shipping-taxable","12":"purchasable","13":"product-type-simple"},"_links":{"self":[{"href":"https:\/\/www.archuntgame.com\/index.php\/wp-json\/wp\/v2\/product\/277","targetHints":{"allow":["GET"]}}],"collection":[{"href":"https:\/\/www.archuntgame.com\/index.php\/wp-json\/wp\/v2\/product"}],"about":[{"href":"https:\/\/www.archuntgame.com\/index.php\/wp-json\/wp\/v2\/types\/product"}],"wp:featuredmedia":[{"embeddable":true,"href":"https:\/\/www.archuntgame.com\/index.php\/wp-json\/wp\/v2\/media\/380"}],"wp:attachment":[{"href":"https:\/\/www.archuntgame.com\/index.php\/wp-json\/wp\/v2\/media?parent=277"}],"wp:term":[{"taxonomy":"product_brand","embeddable":true,"href":"https:\/\/www.archuntgame.com\/index.php\/wp-json\/wp\/v2\/product_brand?post=277"},{"taxonomy":"product_cat","embeddable":true,"href":"https:\/\/www.archuntgame.com\/index.php\/wp-json\/wp\/v2\/product_cat?post=277"},{"taxonomy":"product_tag","embeddable":true,"href":"https:\/\/www.archuntgame.com\/index.php\/wp-json\/wp\/v2\/product_tag?post=277"}],"curies":[{"name":"wp","href":"https:\/\/api.w.org\/{rel}","templated":true}]}}