{"id":104,"date":"2021-03-19T13:08:37","date_gmt":"2021-03-19T13:08:37","guid":{"rendered":"https:\/\/www.archuntgame.com\/?post_type=product&#038;p=104"},"modified":"2024-01-07T21:04:46","modified_gmt":"2024-01-07T21:04:46","slug":"juego-arch-hunt","status":"publish","type":"product","link":"https:\/\/www.archuntgame.com\/index.php\/producto\/juego-arch-hunt\/","title":{"rendered":"Juego Arch-Hunt"},"content":{"rendered":"<p class=\"has-text-align-center\" style=\"text-align: left;\">Consigue que tu colecci\u00f3n de 8 edificios sea la m\u00e1s valiosa de la mesa. Para ello tendr\u00e1s que ahorrar y construir las m\u00e1s bellas obras arquitect\u00f3nicas\u2026 si los dem\u00e1s jugadores te lo permiten.<\/p>\n<p class=\"has-text-align-center\" style=\"text-align: left;\">Un juego de gesti\u00f3n de recursos, estrategia y rivalidad ambientado en la arquitectura de 1900 a 2019.<\/p>\n<p class=\"has-text-align-center\" style=\"text-align: left;\">\u00bfEst\u00e1s listo para sumergirte en el mundo de la arquitectura?<\/p>\n<h3 class=\"has-text-align-center\" style=\"text-align: left;\">Detalles<\/h3>\n<hr \/>\n<p>Dimensiones de la caja:\u00a0 \u00a0 \u00a0 \u00a0 \u00a0 \u00a0 \u00a0 \u00a0 \u00a0 \u00a0 \u00a0 \u00a0 \u00a0 \u00a0 \u00a0 \u00a0 \u00a0 \u00a0 \u00a0 \u00a0 \u00a0180x110x35 mm<\/p>\n<p>Idiomas:\u00a0 \u00a0 \u00a0 \u00a0 \u00a0 \u00a0 \u00a0 \u00a0 \u00a0 \u00a0 \u00a0 \u00a0 \u00a0 \u00a0 \u00a0 \u00a0 \u00a0 \u00a0 \u00a0 \u00a0 \u00a0 \u00a0 \u00a0 \u00a0 \u00a0 \u00a0 \u00a0 \u00a0 \u00a0 \u00a0 \u00a0 \u00a0 \u00a0 \u00a0 \u00a0 \u00a0 Espa\u00f1ol, ingl\u00e9s y franc\u00e9s<\/p>\n<p>Tem\u00e1tica: \u00a0 \u00a0 \u00a0 \u00a0 \u00a0 \u00a0 \u00a0 \u00a0 \u00a0 \u00a0 \u00a0 \u00a0 \u00a0 \u00a0 \u00a0 \u00a0 \u00a0 \u00a0 \u00a0 \u00a0 \u00a0 \u00a0 \u00a0 \u00a0 \u00a0 \u00a0 \u00a0 \u00a0 \u00a0 \u00a0 \u00a0 \u00a0 \u00a0 \u00a0 \u00a0Arquitectura<\/p>\n<p>Mec\u00e1nica:\u00a0 \u00a0 \u00a0 \u00a0 \u00a0 \u00a0 \u00a0 \u00a0 \u00a0 \u00a0 \u00a0 \u00a0 \u00a0 \u00a0 \u00a0 \u00a0 \u00a0 \u00a0 \u00a0 \u00a0 \u00a0 \u00a0 \u00a0 \u00a0 \u00a0 \u00a0 \u00a0 \u00a0 \u00a0 \u00a0 \u00a0 \u00a0 \u00a0 \u00a0 \u00a0Colecci\u00f3n, gesti\u00f3n de recursos, estrategia<\/p>\n<p>N\u00famero de jugadores:\u00a0 \u00a0 \u00a0 \u00a0 \u00a0 \u00a0 \u00a0 \u00a0 \u00a0 \u00a0 \u00a0 \u00a0 \u00a0 \u00a0 \u00a0 \u00a0 \u00a0 \u00a0 \u00a0 \u00a0 \u00a0 \u00a0 De 2 a 8<\/p>\n<p>Edad de jugadores:\u00a0 \u00a0 \u00a0 \u00a0 \u00a0 \u00a0 \u00a0 \u00a0 \u00a0 \u00a0 \u00a0 \u00a0 \u00a0 \u00a0 \u00a0 \u00a0 \u00a0 \u00a0 \u00a0 \u00a0 \u00a0 \u00a0 \u00a0 \u00a0 \u00a0 \u00a0A partir de 10 a\u00f1os<\/p>\n","protected":false},"excerpt":{"rendered":"<p><strong>\u00a1El primer juego de mesa que recorre la historia reciente de la arquitectura!<\/strong><\/p>\n<p>CONTENIDO:<\/p>\n<ul>\n<li>8 cartas de rol<\/li>\n<li>140 cartas de juego<\/li>\n<li>50 monedas<\/li>\n<li>12 cartas de ayuda<\/li>\n<\/ul>\n<p>CARACTER\u00cdSTICAS:<\/p>\n<ul>\n<li>De 2 a 8 jugadores<\/li>\n<li>Recomendado a partir de 10 a\u00f1os<\/li>\n<li>Partidas de 15 a 45 minutos<\/li>\n<\/ul>\n","protected":false},"featured_media":380,"template":"","meta":[],"product_brand":[],"product_cat":[55],"product_tag":[],"class_list":{"0":"post-104","1":"product","2":"type-product","3":"status-publish","4":"has-post-thumbnail","6":"product_cat-juego","8":"first","9":"outofstock","10":"taxable","11":"shipping-taxable","12":"purchasable","13":"product-type-simple"},"_links":{"self":[{"href":"https:\/\/www.archuntgame.com\/index.php\/wp-json\/wp\/v2\/product\/104","targetHints":{"allow":["GET"]}}],"collection":[{"href":"https:\/\/www.archuntgame.com\/index.php\/wp-json\/wp\/v2\/product"}],"about":[{"href":"https:\/\/www.archuntgame.com\/index.php\/wp-json\/wp\/v2\/types\/product"}],"wp:featuredmedia":[{"embeddable":true,"href":"https:\/\/www.archuntgame.com\/index.php\/wp-json\/wp\/v2\/media\/380"}],"wp:attachment":[{"href":"https:\/\/www.archuntgame.com\/index.php\/wp-json\/wp\/v2\/media?parent=104"}],"wp:term":[{"taxonomy":"product_brand","embeddable":true,"href":"https:\/\/www.archuntgame.com\/index.php\/wp-json\/wp\/v2\/product_brand?post=104"},{"taxonomy":"product_cat","embeddable":true,"href":"https:\/\/www.archuntgame.com\/index.php\/wp-json\/wp\/v2\/product_cat?post=104"},{"taxonomy":"product_tag","embeddable":true,"href":"https:\/\/www.archuntgame.com\/index.php\/wp-json\/wp\/v2\/product_tag?post=104"}],"curies":[{"name":"wp","href":"https:\/\/api.w.org\/{rel}","templated":true}]}}