{"id":797,"date":"2022-05-07T10:59:19","date_gmt":"2022-05-07T10:59:19","guid":{"rendered":"https:\/\/www.archuntgame.com\/?page_id=797"},"modified":"2022-05-07T11:03:55","modified_gmt":"2022-05-07T11:03:55","slug":"points-of-sale","status":"publish","type":"page","link":"https:\/\/www.archuntgame.com\/index.php\/en\/points-of-sale\/","title":{"rendered":"Points of sale"},"content":{"rendered":"\t\t<div data-elementor-type=\"wp-page\" data-elementor-id=\"797\" class=\"elementor elementor-797\">\n\t\t\t\t\t\t<section class=\"elementor-section elementor-top-section elementor-element elementor-element-52364dc5 elementor-section-boxed elementor-section-height-default elementor-section-height-default\" data-id=\"52364dc5\" data-element_type=\"section\">\n\t\t\t\t\t\t<div class=\"elementor-container elementor-column-gap-default\">\n\t\t\t\t\t<div class=\"elementor-column elementor-col-100 elementor-top-column elementor-element elementor-element-370c41c9\" data-id=\"370c41c9\" data-element_type=\"column\">\n\t\t\t<div class=\"elementor-widget-wrap elementor-element-populated\">\n\t\t\t\t\t\t<div class=\"elementor-element elementor-element-4852384 elementor-widget elementor-widget-text-editor\" data-id=\"4852384\" data-element_type=\"widget\" data-widget_type=\"text-editor.default\">\n\t\t\t\t<div class=\"elementor-widget-container\">\n\t\t\t\t\t\t\t\t\t<p><\/p>\n<p>Arch-Hunt is available at several stores!<\/p>\n<p><\/p>\n<p><\/p>\n<p>You can find the nearest one and go to check out our game.<\/p>\n<p><\/p>\n<p><\/p>\n<p><strong>SPAIN:<\/strong><\/p>\n<ul>\n<li><a href=\"https:\/\/www.ivorypress.com\/es\/\">IVORYPRESS<\/a><\/li>\n<\/ul>\n<p style=\"padding-left: 40px;\">C\/ del Aviador Zorita, 48, 28020, MADRID<\/p>\n<ul>\n<li><a href=\"https:\/\/www.naoslibros.es\/\">NAOS<\/a><\/li>\n<\/ul>\n<p style=\"padding-left: 40px;\">C\/ Quintana, 12, 28008, MADRID<\/p>\n<ul>\n<li><a href=\"https:\/\/www.lacapell.com\/\">LA CAPELL<\/a><\/li>\n<\/ul>\n<p style=\"padding-left: 40px;\">Pla\u00e7a Nova, 5, 08002, BARCELONE<\/p>\n<p><strong>FRANCE:<\/strong><\/p>\n<ul>\n<li><a href=\"https:\/\/maisondelarchi-fc.fr\/\">MAISON DE L&#8217;ARCHITECTURE DE FRANCHE COMT\u00c9<\/a><\/li>\n<\/ul>\n<p style=\"padding-left: 40px;\">2 Rue de Pontarlier, 25000, BESAN\u00c7ON<\/p>\n<p>\u00a0<\/p>\n<p>If you are a shop and you want to sell Arch-Hunt, don&#8217;t hesitate to contact us!\u00a0 You can write to us at <a href=\"mailto:info@archuntgame.com\">info@archuntgame.com<\/a>.<\/p>\n<p><\/p>\n<p><\/p>\n<p><\/p>\t\t\t\t\t\t\t\t<\/div>\n\t\t\t\t<\/div>\n\t\t\t\t\t<\/div>\n\t\t<\/div>\n\t\t\t\t\t<\/div>\n\t\t<\/section>\n\t\t\t\t<\/div>\n\t\t","protected":false},"excerpt":{"rendered":"<p>Arch-Hunt is available at several stores! You can find the nearest one and go to check out our game. SPAIN: IVORYPRESS C\/ del Aviador Zorita, 48, 28020, MADRID NAOS C\/ Quintana, 12, 28008, MADRID LA CAPELL Pla\u00e7a Nova, 5, 08002, BARCELONE FRANCE: MAISON DE L&#8217;ARCHITECTURE DE FRANCHE COMT\u00c9 2 Rue de Pontarlier, 25000, BESAN\u00c7ON \u00a0 [&hellip;]<\/p>\n","protected":false},"author":1,"featured_media":0,"parent":0,"menu_order":0,"comment_status":"closed","ping_status":"closed","template":"","meta":{"footnotes":""},"class_list":["post-797","page","type-page","status-publish","hentry"],"_links":{"self":[{"href":"https:\/\/www.archuntgame.com\/index.php\/wp-json\/wp\/v2\/pages\/797","targetHints":{"allow":["GET"]}}],"collection":[{"href":"https:\/\/www.archuntgame.com\/index.php\/wp-json\/wp\/v2\/pages"}],"about":[{"href":"https:\/\/www.archuntgame.com\/index.php\/wp-json\/wp\/v2\/types\/page"}],"author":[{"embeddable":true,"href":"https:\/\/www.archuntgame.com\/index.php\/wp-json\/wp\/v2\/users\/1"}],"replies":[{"embeddable":true,"href":"https:\/\/www.archuntgame.com\/index.php\/wp-json\/wp\/v2\/comments?post=797"}],"version-history":[{"count":4,"href":"https:\/\/www.archuntgame.com\/index.php\/wp-json\/wp\/v2\/pages\/797\/revisions"}],"predecessor-version":[{"id":801,"href":"https:\/\/www.archuntgame.com\/index.php\/wp-json\/wp\/v2\/pages\/797\/revisions\/801"}],"wp:attachment":[{"href":"https:\/\/www.archuntgame.com\/index.php\/wp-json\/wp\/v2\/media?parent=797"}],"curies":[{"name":"wp","href":"https:\/\/api.w.org\/{rel}","templated":true}]}}