{"id":760,"date":"2022-05-07T10:20:30","date_gmt":"2022-05-07T10:20:30","guid":{"rendered":"https:\/\/www.archuntgame.com\/?page_id=760"},"modified":"2022-05-07T10:42:05","modified_gmt":"2022-05-07T10:42:05","slug":"puntos-de-venta","status":"publish","type":"page","link":"https:\/\/www.archuntgame.com\/index.php\/puntos-de-venta\/","title":{"rendered":"Puntos de venta"},"content":{"rendered":"\t\t<div data-elementor-type=\"wp-page\" data-elementor-id=\"760\" class=\"elementor elementor-760\">\n\t\t\t\t\t\t<section class=\"elementor-section elementor-top-section elementor-element elementor-element-52364dc5 elementor-section-boxed elementor-section-height-default elementor-section-height-default\" data-id=\"52364dc5\" data-element_type=\"section\">\n\t\t\t\t\t\t<div class=\"elementor-container elementor-column-gap-default\">\n\t\t\t\t\t<div class=\"elementor-column elementor-col-100 elementor-top-column elementor-element elementor-element-370c41c9\" data-id=\"370c41c9\" data-element_type=\"column\">\n\t\t\t<div class=\"elementor-widget-wrap elementor-element-populated\">\n\t\t\t\t\t\t<div class=\"elementor-element elementor-element-4852384 elementor-widget elementor-widget-text-editor\" data-id=\"4852384\" data-element_type=\"widget\" data-widget_type=\"text-editor.default\">\n\t\t\t\t<div class=\"elementor-widget-container\">\n\t\t\t\t\t\t\t\t\t<p><\/p>\n<p>\u00a1Arch-Hunt est\u00e1 disponible en varios puntos de venta!<\/p>\n<p><\/p>\n<p><\/p>\n<p>Ya puedes buscar el m\u00e1s cercano e ir a conocer nuestro juego.<\/p>\n<p><\/p>\n<p><\/p>\n<p><strong>ESPA\u00d1A:<\/strong><\/p>\n<ul>\n<li><a href=\"https:\/\/www.ivorypress.com\/es\/\">IVORYPRESS<\/a><\/li>\n<\/ul>\n<p style=\"padding-left: 40px;\">C\/ del Aviador Zorita, 48, 28020, MADRID<\/p>\n<ul>\n<li><a href=\"https:\/\/www.naoslibros.es\/\">NAOS<\/a><\/li>\n<\/ul>\n<p style=\"padding-left: 40px;\">C\/ Quintana, 12, 28008, MADRID<\/p>\n<ul>\n<li><a href=\"https:\/\/www.lacapell.com\/\">LA CAPELL<\/a><\/li>\n<\/ul>\n<p style=\"padding-left: 40px;\">Pla\u00e7a Nova, 5, 08002, BARCELONA<\/p>\n<p><strong>FRANCIA:<\/strong><\/p>\n<ul>\n<li><a href=\"https:\/\/maisondelarchi-fc.fr\/\">MAISON DE L&#8217;ARCHITECTURE DE FRANCHE COMT\u00c9<\/a><\/li>\n<\/ul>\n<p style=\"padding-left: 40px;\">2 Rue de Pontarlier, 25000, BESAN\u00c7ON<\/p>\n<p>&nbsp;<\/p>\n<p>Si eres una tienda y quieres vender Arch-Hunt, \u00a1no dudes en contactar con nosotros!\u00a0 Puedes escribirnos a <a href=\"mailto:info@archuntgame.com\">info@archuntgame.com<\/a>.<\/p>\n<p><\/p>\n<p><\/p>\n<p><\/p>\t\t\t\t\t\t\t\t<\/div>\n\t\t\t\t<\/div>\n\t\t\t\t\t<\/div>\n\t\t<\/div>\n\t\t\t\t\t<\/div>\n\t\t<\/section>\n\t\t\t\t<\/div>\n\t\t","protected":false},"excerpt":{"rendered":"<p>\u00a1Arch-Hunt est\u00e1 disponible en varios puntos de venta! Ya puedes buscar el m\u00e1s cercano e ir a conocer nuestro juego. ESPA\u00d1A: IVORYPRESS C\/ del Aviador Zorita, 48, 28020, MADRID NAOS C\/ Quintana, 12, 28008, MADRID LA CAPELL Pla\u00e7a Nova, 5, 08002, BARCELONA FRANCIA: MAISON DE L&#8217;ARCHITECTURE DE FRANCHE COMT\u00c9 2 Rue de Pontarlier, 25000, BESAN\u00c7ON [&hellip;]<\/p>\n","protected":false},"author":1,"featured_media":0,"parent":0,"menu_order":0,"comment_status":"closed","ping_status":"closed","template":"","meta":{"footnotes":""},"class_list":["post-760","page","type-page","status-publish","hentry"],"_links":{"self":[{"href":"https:\/\/www.archuntgame.com\/index.php\/wp-json\/wp\/v2\/pages\/760","targetHints":{"allow":["GET"]}}],"collection":[{"href":"https:\/\/www.archuntgame.com\/index.php\/wp-json\/wp\/v2\/pages"}],"about":[{"href":"https:\/\/www.archuntgame.com\/index.php\/wp-json\/wp\/v2\/types\/page"}],"author":[{"embeddable":true,"href":"https:\/\/www.archuntgame.com\/index.php\/wp-json\/wp\/v2\/users\/1"}],"replies":[{"embeddable":true,"href":"https:\/\/www.archuntgame.com\/index.php\/wp-json\/wp\/v2\/comments?post=760"}],"version-history":[{"count":23,"href":"https:\/\/www.archuntgame.com\/index.php\/wp-json\/wp\/v2\/pages\/760\/revisions"}],"predecessor-version":[{"id":790,"href":"https:\/\/www.archuntgame.com\/index.php\/wp-json\/wp\/v2\/pages\/760\/revisions\/790"}],"wp:attachment":[{"href":"https:\/\/www.archuntgame.com\/index.php\/wp-json\/wp\/v2\/media?parent=760"}],"curies":[{"name":"wp","href":"https:\/\/api.w.org\/{rel}","templated":true}]}}