{"id":640,"date":"2021-12-12T18:44:09","date_gmt":"2021-12-12T18:44:09","guid":{"rendered":"https:\/\/www.archuntgame.com\/?page_id=640"},"modified":"2021-12-12T18:44:11","modified_gmt":"2021-12-12T18:44:11","slug":"conditions-generales-de-vente","status":"publish","type":"page","link":"https:\/\/www.archuntgame.com\/index.php\/fr\/conditions-generales-de-vente\/","title":{"rendered":"Conditions g\u00e9n\u00e9rales de vente"},"content":{"rendered":"\n<p>Las presentes Condiciones legales de contrataci\u00f3n, regulan el uso de la tienda on-line del sitio web www.archuntgame.com, de la que es responsable legal Ana Asensio Rodr\u00edguez, en adelante, \u00abArch-Hunt Game\u00bb.<\/p>\n\n\n\n<h3 class=\"wp-block-heading\"><strong>NORMATIVA APLICABLE<\/strong><\/h3>\n\n\n\n<p>El presente contrato electr\u00f3nico se celebra bajo la normativa Espa\u00f1ola y en concreto bajo el r\u00e9gimen legal impuesto por la Ley 34\/2002 de Servicios de la Sociedad de la Informaci\u00f3n y el Comercio Electr\u00f3nico (LSSICE) y la Ley General 03\/2014 para la Defensa de los Consumidores y Usuarios (LGDCU).<\/p>\n\n\n\n<p>El contrato electr\u00f3nico no ser\u00e1 archivado&nbsp;ni consultable&nbsp;y el idioma para su conclusi\u00f3n es el&nbsp;espa\u00f1ol. Las presentes condiciones generales podr\u00e1n ser guardadas y reproducidas en cualquier momento por el usuario que realice una compra mediante las opciones de su navegador de internet, y deben ser aceptadas antes de proceder al pago del pedido.&nbsp;<\/p>\n\n\n\n<h3 class=\"wp-block-heading\"><strong>PROCESO DE COMPRA<\/strong><\/h3>\n\n\n\n<p>Comprar en \u00abArch-Hunt Game\u00bb es f\u00e1cil y sencillo, solo tienes que seguir los siguientes pasos:<\/p>\n\n\n\n<ol class=\"wp-block-list\"><li>Decidir&nbsp;los productos que desees adquirir de entre los ofrecidos por \u00abArch-Hunt Game\u00bb. En la descripci\u00f3n del producto tendr\u00e1s toda la informaci\u00f3n necesaria. Si necesitas saber m\u00e1s no dudes en preguntarnos.<\/li><li>Una vez hayas decidido el\/los producto\/s que desees comprar, deber\u00e1s pulsar el bot\u00f3n \u201cA\u00f1adir&nbsp;al Carrito\u201d&nbsp;que hay en cada una de las p\u00e1ginas de producto, quedando incorporado&nbsp;cada&nbsp;producto a tu carrito de la compra. Si lo deseas, podr\u00e1s seguir a\u00f1adiendo m\u00e1s productos al carrito, o proceder directamente al pago.<\/li><li>Haciendo click en el icono del carrito que aparece en el men\u00fa superior,&nbsp;aparecer\u00e1 un resumen identificando el\/los art\u00edculos seleccionados. Finalmente, para continuar con tu pedido, deber\u00e1s pulsar el bot\u00f3n \u201cRealizar Pedido\u201d.<\/li><li>Para finalizar tu compra deber\u00e1s rellenar los datos personales, de env\u00edo y de facturaci\u00f3n que te pedimos en el formulario de compra.<\/li><li>Por \u00faltimo, deber\u00e1s elegir el medio de pago de tu pedido de entre los ofrecidos por \u00abArch-Hunt Game\u00bb (ver apartado \u00abFormas de pago\u00bb).<\/li><li>Una vez finalizado el proceso de&nbsp;compra, \u00abArch-Hunt Game\u00bb te enviar\u00e1 un correo electr\u00f3nico en el que se detallar\u00e1n los datos del mismo. Si no recibes este correo en 24 horas, o si aprecias cualquier error en los datos introducidos, ponte en contacto con nosotros escribiendo a la direcci\u00f3n de correo info@archuntgame.com.<\/li><\/ol>\n\n\n\n<p>\u00abArch-Hunt Game\u00bb comunica que posee a tu disposici\u00f3n hojas de reclamaciones, en la direcci\u00f3n postal que figura en el aviso legal de esta p\u00e1gina web.&nbsp;<\/p>\n\n\n\n<h3 class=\"wp-block-heading\"><strong>FORMAS DE PAGO<\/strong><\/h3>\n\n\n\n<p>\u00abArch-Hunt Game\u00bb dispone de diversas modalidades de pago para facilitarte la compra:<\/p>\n\n\n\n<ul class=\"wp-block-list\"><li>Tarjeta de cr\u00e9dito o d\u00e9bito<\/li><li>PayPal<\/li><\/ul>\n\n\n\n<p>A continuaci\u00f3n, especificamos las condiciones para cada una de estas formas de pago.&nbsp;<strong>TARJETA DE CR\u00c9DITO O D\u00c9BITO<br><\/strong>El pago mediante tarjeta de cr\u00e9dito o d\u00e9bito se realiza a trav\u00e9s de la pasarela de pago seguro de Stripe. Mediante esta modalidad de pago, \u00abArch-Hunt Game\u00bb nunca recoge ni manipula ning\u00fan dato del cliente relativo a su n\u00famero de tarjeta. Todos los datos son tratados directamente por Stripe, de forma que \u00abArch-Hunt Game\u00bb siempre pueda ofrecer la mayor seguridad, transparencia y confidencialidad en la transacci\u00f3n.Las tarjetas que actualmente admite la pasarela de pago son Visa, Mastercard, American Express y Discover. Si tienes alguna duda, contacta con nosotros y te atenderemos para aclarar cualquier inquietud.<strong><br>PAYPAL<br><\/strong>Puedes realizar el pago de tu pedido con tu cuenta de PayPal. Mediante esta modalidad de pago, \u00abArch-Hunt Game\u00bb&nbsp;nunca recoge ni manipula ning\u00fan dato bancario. Todos los datos son tratados directamente por Paypal, de forma que \u00abArch-Hunt Game\u00bb siempre pueda ofrecer la mayor transparencia, seguridad y confidencialidad en la transacci\u00f3n.<\/p>\n\n\n\n<h3 class=\"wp-block-heading\"><strong>CONDICIONES DE ENV\u00cdO<\/strong><\/h3>\n\n\n\n<p>Se realizar\u00e1n env\u00edos a Espa\u00f1a (Espa\u00f1a Peninsular, Islas Baleares, Islas Canarias y Ceuta y Melilla), Albania, Alemania, Austria, Bosnia y Herzegovina, Bulgaria, B\u00e9lgica, Canad\u00e1, Croacia, Dinamarca, Eslovaquia, Eslovenia, Estados Unidos, Estonia, Finlandia, Francia Metropolitana, Grecia, Hungr\u00eda, Irlanda, Italia, Jap\u00f3n, Letonia, Liechtenstein, Lituania, Luxemburgo, Macedonia del Norte, Moldavia, Montenegro, M\u00f3naco, Noruega, Pa\u00edses Bajos, Polonia, Portugal, Rep\u00fablica Checa, Ruman\u00eda, Serbia, Suecia y Suiza. Para el resto de pa\u00edses no se podr\u00e1n enviar productos. Si tienes cualquier duda puedes contactarnos enviado un email a info@archuntgame.com.<\/p>\n\n\n\n<p>El plazo de entrega en tu domicilio var\u00eda dependiendo del pa\u00eds y la zona de destino:<\/p>\n\n\n\n<ul class=\"wp-block-list\"><li>Espa\u00f1a Pen\u00ednsular, Islas Baleares y Portugal (1-6 d\u00edas laborables)<\/li><li>Ceuta, Melilla e Islas Canarias (1-10 d\u00edas laborables)<\/li><li>Europa (1-10 d\u00edas laborables)<\/li><li>Canad\u00e1, Estados Unidos, Jap\u00f3n (1-15 d\u00edas laborables)<\/li><\/ul>\n\n\n\n<p>*Estos plazos de entrega son orientativos, y en \u00e9pocas con altos vol\u00famenes de pedidos (Navidad, etc) puede haber demoras.<\/p>\n\n\n\n<p>El precio del&nbsp;env\u00edo ser\u00e1 de:<\/p>\n\n\n\n<ul class=\"wp-block-list\"><li>Espa\u00f1a Pen\u00ednsular, Islas Baleares, Portugal: 6,00 \u20ac<\/li><li>Ceuta, Melilla e Islas Canarias: 15,00\u20ac<\/li><li>Europa zona 1: Alemania, B\u00e9lgica, Francia, Italia, Luxemburgo, Pa\u00edses Bajos y Suiza: 10,00 \u20ac<\/li><li>Europa zona 2:  Albania, Austria, Bosnia y Herzegovina, Bulgaria, Croacia, Dinamarca, Eslovaquia, Eslovenia, Estonia, Finlandia, Grecia, Hungr\u00eda, Irlanda, Letonia, Liechtenstein, Lituania, Macedonia del Norte, Moldavia, M\u00f3naco, Montenegro, Noruega, Polonia, Rep\u00fablica Checa, Ruman\u00eda, Serbia, Sicilia (Italia) y Suecia: 15,00 \u20ac<\/li><li>Canad\u00e1: 15,00 \u20ac<\/li><li>Estados Unidos: 20,00 \u20ac<\/li><li>Jap\u00f3n: 20,00\u20ac<\/li><\/ul>\n\n\n\n<p>Arch-Hunt Game no se hace responsable de los posibles impuestos o aranceles de importaci\u00f3n que pueden resultar del paso por aduanas en env\u00edos a Ceuta, Melilla, Canarias o fuera de Espa\u00f1a, siendo el pago de \u00e9stos responsabilidad del cliente.<\/p>\n\n\n\n<p>Los gastos de env\u00edo a Espa\u00f1a Pen\u00ednsula y Baleares y Uni\u00f3n Europea incluyen IVA.<\/p>\n\n\n\n<p>En algunos casos y dependiendo de la disponibilidad del producto (ruptura de stock), nuestro personal se pondr\u00e1 en contacto contigo para darte una soluci\u00f3n y para informarte del plazo de entrega una vez est\u00e9 disponible el producto seleccionado.&nbsp;&nbsp;<\/p>\n\n\n\n<h3 class=\"wp-block-heading\"><strong><br>IMPUESTOS, TASAS Y ARANCELES<\/strong>&nbsp;<\/h3>\n\n\n\n<p><strong>VENTA DE PRODUCTOS A LA PEN\u00cdNSULA:<\/strong>El PVP de los art\u00edculos con direcci\u00f3n de env\u00edo a la Pen\u00ednsula, Baleares y Uni\u00f3n Europea incluye IVA.<\/p>\n\n\n\n<p><strong>VENTA DE PRODUCTOS A ISLAS CANARIAS, CEUTA Y MELILLA, O DESTINOS FUERA DE LA UNI\u00d3N EUROPEA:<\/strong><br>El PVP de los art\u00edculos con direcci\u00f3n de env\u00edo a Islas Canarias, Ceuta, Melilla o destinos fuera de Espa\u00f1a est\u00e1 exento de IVA. El precio final para estos destinos se actualizar\u00e1 al introducir la direcci\u00f3n de env\u00edo.<\/p>\n\n\n\n<p>Arch-Hunt Game no se hace responsable de los posibles impuestos o aranceles de importaci\u00f3n que pueden resultar del paso por aduanas en env\u00edos a Ceuta, Melilla, Canarias o fuera de Espa\u00f1a, siendo el pago de \u00e9stos responsabilidad del cliente.<\/p>\n\n\n\n<h3 class=\"wp-block-heading\"><strong>POL\u00cdTICA DE PRECIOS<\/strong><\/h3>\n\n\n\n<p>Los precios est\u00e1n expresados en Euros, y son v\u00e1lidos salvo error tipogr\u00e1fico. En el caso de que se produzca un error manifiesto en la fijaci\u00f3n del precio que aparezca en la ficha de producto, prevalecer\u00e1 el precio establecido para dicho producto en el email informativo que te proporcionaremos cuando detectemos el error.<\/p>\n\n\n\n<h3 class=\"wp-block-heading\"><strong>DEVOLUCIONES<\/strong><\/h3>\n\n\n\n<p>En \u00abArch-Hunt Game\u00bb deseamos la satisfacci\u00f3n con tu pedido. Por ello, te facilitamos varios m\u00e9todos para efectuar la devoluci\u00f3n de un art\u00edculo que pudiera no ajustarse a tus necesidades o expectativas. Posibles casos de devoluci\u00f3n o desistimiento:<\/p>\n\n\n\n<h4 class=\"wp-block-heading\"><strong>a) El producto es err\u00f3neo, tiene un defecto o ha sido da\u00f1ado durante el transporte:<\/strong><\/h4>\n\n\n\n<p>Prestamos mucha atenci\u00f3n a que todos nuestros art\u00edculos y env\u00edos est\u00e9n en perfecto estado. S\u00ed, aun as\u00ed, te llega un art\u00edculo err\u00f3neo o defectuoso, ponte en contacto inmediatamente con nosotros a trav\u00e9s de info@archuntgame.com. Cuando el producto se haya da\u00f1ado durante el transporte es imprescindible que nos lo comuniques&nbsp;durante las 24 horas siguientes a la recepci\u00f3n de tu pedido&nbsp;y que anotes la incidencia en el albar\u00e1n de entrega del transportista.Los productos deben ser devueltos de forma que est\u00e9n protegidos, envi\u00e1ndolos de vuelta dentro del sobre de cart\u00f3n o embalaje en el que los recibistes. \u00abArch-Hunt Game\u00bb pone a disposici\u00f3n del comprador una empresa de transporte para la devoluci\u00f3n de los productos, de manera totalmente gratuita siempre que quede demostrado que el producto ha sido entregado defectuoso. Si deseas devolver&nbsp;los productos con una empresa de transporte distinta de la propuesta por \u00abArch-Hunt Game\u00bb deber\u00e1s asumir el coste de transporte.<\/p>\n\n\n\n<h4 class=\"wp-block-heading\"><strong>b) Desistimiento:<\/strong><\/h4>\n\n\n\n<p>No queremos que te quedes con nada que no te guste, por eso puedes devolver un art\u00edculo si no se ajusta a tus expectativas. Por ello, de acuerdo a lo establecido en la Ley de Consumidores, dispones del Derecho de Desistimiento, en virtud del cual podr\u00e1s devolver el producto.El ejercicio de este derecho de desistimiento tendr\u00e1 que realizarse en un plazo m\u00e1ximo de 14 d\u00edas naturales a partir de su recepci\u00f3n. Deber\u00e1s notificarnos, a trav\u00e9s del correo info@archuntgame.com, tu decisi\u00f3n de desistir de la compra efectuada (podr\u00e1s utilizar para ello el siguiente modelo de formulario de desistimiento, si lo deseas). [ADJUNTADO AL FINAL DE ESTA P\u00c1GINA]Para poder ejercer este derecho, el producto deber\u00e1 encontrarse en perfectas condiciones y conservar el embalaje original. Los productos que vienen con un embalaje protector, no podr\u00e1n haberse abierto para considerarse v\u00e1lidos para su desistimiento. En caso de que los productos no lleguen en perfectas condiciones \u00abArch-Hunt Game\u00bb se reserva el derecho a abonar una cantidad inferior en la devoluci\u00f3n, circunstancia que te ser\u00e1 notificada. El reembolso del importe de la compra se efectuar\u00e1 una vez haya sido comprobado el estado de la mercanc\u00eda, a trav\u00e9s del mismo medio de pago utilizado en la compra y, en todo caso, en un m\u00e1ximo de 14 d\u00edas naturales desde la recepci\u00f3n fehaciente de la solicitud de desistimiento, desde que \u00abArch-Hunt Game\u00bb tenga conocimiento efectivo del env\u00edo de la mercanc\u00eda o, en su defecto, desde la recepci\u00f3n de la misma. Los gastos de devoluci\u00f3n derivados del ejercicio del derecho de desistimiento, as\u00ed como su gesti\u00f3n, correr\u00e1n por cuenta del comprador.<\/p>\n\n\n\n<h4 class=\"wp-block-heading\"><strong>c)&nbsp;Si a\u00fan no ha recibido el pedido:<\/strong><\/h4>\n\n\n\n<p>Si todav\u00eda no has recibido el pedido y deseas cancelarlo o modificarlo, solo tienes que informarnos de los cambios que quieres realizar, sin que esto suponga ning\u00fan coste en caso de que tu pedido a\u00fan no haya sido tramitado.<\/p>\n\n\n\n<h4 class=\"wp-block-heading\"><strong>Contacto para devoluciones:<\/strong><\/h4>\n\n\n\n<ul class=\"wp-block-list\"><li>Email: info@archuntgame.com.<\/li><\/ul>\n\n\n\n<p>Para realizar una devoluci\u00f3n, se deber\u00e1 escribir al email de contacto proporcionado rellenando el formulario de desistimiento (adjunto a continuaci\u00f3n). Arch-Hunt Game proporcionar\u00e1 las instrucciones a seguir para la devoluci\u00f3n.<\/p>\n\n\n\n<h3 class=\"wp-block-heading\"><strong>GARANT\u00cdAS<\/strong><\/h3>\n\n\n\n<p>Todos nuestros productos est\u00e1n garantizados a nivel nacional, frente a defectos de fabricaci\u00f3n durante dos a\u00f1os a partir de la fecha de la compra. La garant\u00eda no incluye los desperfectos producidos por un mal uso o desgaste habitual.<\/p>\n\n\n\n<p>En caso de producto defectuoso, podremos proceder, seg\u00fan corresponda, a la reparaci\u00f3n, sustituci\u00f3n, rebaja del precio o resoluci\u00f3n del contrato, gestiones que ser\u00e1n gratuitas para el consumidor y usuario.<\/p>\n\n\n\n<p>Responderemos de las faltas de conformidad que se manifiesten en un plazo de dos a\u00f1os desde la entrega. El consumidor y usuario deber\u00e1 informarnos de la falta de conformidad en el plazo de dos meses desde que tuvo conocimiento de ella.<\/p>\n\n\n\n<p>Salvo prueba en contrario, se entender\u00e1 que los productos son conformes con el contrato siempre que cumplan todos los requisitos que se expresan a continuaci\u00f3n:<\/p>\n\n\n\n<ol class=\"wp-block-list\"><li>Se ajusten a la descripci\u00f3n realizada y posean las cualidades del producto que hayamos presentado al consumidor y usuario en forma de muestra o modelo.<\/li><li>Sean aptos para los usos a que ordinariamente se destinen los productos del mismo tipo.<\/li><li>Presenten la calidad y prestaciones habituales de un producto del mismo tipo que el consumidor y usuario pueda fundadamente esperar, habida cuenta de la naturaleza del producto.<\/li><\/ol>\n\n\n\n<h3 class=\"wp-block-heading\"><strong>RESOLUCI\u00d3N DE CONFLICTOS<\/strong><\/h3>\n\n\n\n<p>Como as\u00ed exige la nueva normativa europea, informamos a los usuarios de la existencia de una plataforma europea de resoluci\u00f3n de litigios para contrataciones online. As\u00ed, para la resoluci\u00f3n de litigios en materia de consumo (conforme al Art. 14.1 del Reglamento (UE) 524\/2013), la Comisi\u00f3n Europea facilita una plataforma de resoluci\u00f3n de litigios en l\u00ednea que se encuentra disponible en el siguiente enlace:&nbsp;<a href=\"https:\/\/webgate.ec.europa.eu\/odr\/main\/?event=main.home.show&amp;lng=ES\" target=\"_blank\" rel=\"noreferrer noopener\">https:\/\/webgate.ec.europa.eu\/odr\/main\/?event=main.home.show&amp;lng=ES<\/a><\/p>\n\n\n\n<h3 class=\"wp-block-heading\"><strong>MODELO DE FORMULARIO DE DESISTIMIENTO<\/strong><\/h3>\n\n\n\n<p>Si, como consumidor y usuario, deseas ejercer tu derecho de desistimiento, puedes hacerlo mediante el presente formulario, que deber\u00e1s rellenar y hacernos llegar.<\/p>\n\n\n\n<p>A&nbsp;la atenci\u00f3n de Ana Aurora Asensio Rodr\u00edguez, con domicilio en C\/ Panizo, 11, 1\u00ba H 28039 Madrid y&nbsp;con direcci\u00f3n de email info@archuntgame.com.&nbsp;&nbsp;Por la presente, comunico que desisto de mi contrato de venta del siguiente producto o relaci\u00f3n de productos:(Indicar relaci\u00f3n de productos respecto de los cuales se va a ejercitar el derecho de desistimiento)Pedido realizado a fecha: (Indicar fecha)Nombre del consumidor y usuario: (Indicar)Domicilio del consumidor y usuario: (Indicar)N\u00famero de pedido: (Indicar)&nbsp;Firma del consumidor y usuario (s\u00f3lo si el presente formulario se presenta en papel)Fecha:<\/p>\n","protected":false},"excerpt":{"rendered":"<p>Las presentes Condiciones legales de contrataci\u00f3n, regulan el uso de la tienda on-line del sitio web www.archuntgame.com, de la que es responsable legal Ana Asensio Rodr\u00edguez, en adelante, \u00abArch-Hunt Game\u00bb. NORMATIVA APLICABLE El presente contrato electr\u00f3nico se celebra bajo la normativa Espa\u00f1ola y en concreto bajo el r\u00e9gimen legal impuesto por la Ley 34\/2002 de [&hellip;]<\/p>\n","protected":false},"author":1,"featured_media":0,"parent":0,"menu_order":0,"comment_status":"closed","ping_status":"closed","template":"","meta":{"footnotes":""},"class_list":["post-640","page","type-page","status-publish","hentry"],"_links":{"self":[{"href":"https:\/\/www.archuntgame.com\/index.php\/wp-json\/wp\/v2\/pages\/640","targetHints":{"allow":["GET"]}}],"collection":[{"href":"https:\/\/www.archuntgame.com\/index.php\/wp-json\/wp\/v2\/pages"}],"about":[{"href":"https:\/\/www.archuntgame.com\/index.php\/wp-json\/wp\/v2\/types\/page"}],"author":[{"embeddable":true,"href":"https:\/\/www.archuntgame.com\/index.php\/wp-json\/wp\/v2\/users\/1"}],"replies":[{"embeddable":true,"href":"https:\/\/www.archuntgame.com\/index.php\/wp-json\/wp\/v2\/comments?post=640"}],"version-history":[{"count":1,"href":"https:\/\/www.archuntgame.com\/index.php\/wp-json\/wp\/v2\/pages\/640\/revisions"}],"predecessor-version":[{"id":641,"href":"https:\/\/www.archuntgame.com\/index.php\/wp-json\/wp\/v2\/pages\/640\/revisions\/641"}],"wp:attachment":[{"href":"https:\/\/www.archuntgame.com\/index.php\/wp-json\/wp\/v2\/media?parent=640"}],"curies":[{"name":"wp","href":"https:\/\/api.w.org\/{rel}","templated":true}]}}