{"id":558,"date":"2021-05-25T16:06:09","date_gmt":"2021-05-25T16:06:09","guid":{"rendered":"https:\/\/www.archuntgame.com\/?page_id=558"},"modified":"2021-05-25T16:15:35","modified_gmt":"2021-05-25T16:15:35","slug":"como-jugar-2","status":"publish","type":"page","link":"https:\/\/www.archuntgame.com\/index.php\/fr\/como-jugar-2\/","title":{"rendered":"Comment jouer"},"content":{"rendered":"\t\t<div data-elementor-type=\"wp-page\" data-elementor-id=\"558\" class=\"elementor elementor-558\">\n\t\t\t\t\t\t<section class=\"elementor-section elementor-top-section elementor-element elementor-element-89dadca elementor-section-boxed elementor-section-height-default elementor-section-height-default\" data-id=\"89dadca\" data-element_type=\"section\">\n\t\t\t\t\t\t<div class=\"elementor-container elementor-column-gap-default\">\n\t\t\t\t\t<div class=\"elementor-column elementor-col-100 elementor-top-column elementor-element elementor-element-7e2fbbb\" data-id=\"7e2fbbb\" data-element_type=\"column\">\n\t\t\t<div class=\"elementor-widget-wrap elementor-element-populated\">\n\t\t\t\t\t\t<div class=\"elementor-element elementor-element-f8c4da1 elementor-widget elementor-widget-text-editor\" data-id=\"f8c4da1\" data-element_type=\"widget\" data-widget_type=\"text-editor.default\">\n\t\t\t\t<div class=\"elementor-widget-container\">\n\t\t\t\t\t\t\t\t\t<p><strong>CONTEXTE<\/strong><\/p>\n<p>Chaque joueur repr\u00e9sente un architecte c\u00e9l\u00e8bre. L\u2019objectif de chacun est de marquer le plus de points possible en construisant la plus belle collection de b\u00e2timents embl\u00e9matiques. Pour cela, chaque joueur doit essayer de construire 8 b\u00e2timents \u00e0 l\u2019aide de pi\u00e8ces et des cartes de sa main. Il s\u2019agit donc d\u2019un jeu de gestion et de strat\u00e9gie o\u00f9 la chance peut avoir son importance.<\/p>\n<p><strong>PR\u00c9PARATION DU JEU<\/strong><\/p>\n<p>Au d\u00e9part, chaque joueur re\u00e7oit 4 cartes de jeu qu\u2019il peut regarder et 3 pi\u00e8ces.<br \/>Puis chacun choisit, au hasard, une R\u00d4LE qui est pos\u00e9e ensuite face visible devant lui. Selon la carte obtenue, le joueur re\u00e7oit un bonus diff\u00e9rent. <br \/>Le reste des cartes de jeu (b\u00e2timents et actions m\u00e9lang\u00e9es) forment la pioche. Les pi\u00e8ces restantes sont plac\u00e9es dans la r\u00e9serve \u00e0 c\u00f4t\u00e9 de cette pile.<\/p>\n<p><!-- \/wp:paragraph --><\/p>\n<p><!-- wp:image {\"align\":\"center\",\"id\":513,\"sizeSlug\":\"large\",\"linkDestination\":\"none\",\"className\":\"is-style-default\"} --><\/p>\t\t\t\t\t\t\t\t<\/div>\n\t\t\t\t<\/div>\n\t\t\t\t\t<\/div>\n\t\t<\/div>\n\t\t\t\t\t<\/div>\n\t\t<\/section>\n\t\t\t\t<section class=\"elementor-section elementor-top-section elementor-element elementor-element-8f034e3 elementor-section-boxed elementor-section-height-default elementor-section-height-default\" data-id=\"8f034e3\" data-element_type=\"section\">\n\t\t\t\t\t\t<div class=\"elementor-container elementor-column-gap-default\">\n\t\t\t\t\t<div class=\"elementor-column elementor-col-100 elementor-top-column elementor-element elementor-element-5bac744\" data-id=\"5bac744\" data-element_type=\"column\">\n\t\t\t<div class=\"elementor-widget-wrap elementor-element-populated\">\n\t\t\t\t\t\t<div class=\"elementor-element elementor-element-e623206 elementor-widget elementor-widget-image\" data-id=\"e623206\" data-element_type=\"widget\" data-widget_type=\"image.default\">\n\t\t\t\t<div class=\"elementor-widget-container\">\n\t\t\t\t\t\t\t\t\t\t\t\t\t\t\t<img fetchpriority=\"high\" decoding=\"async\" width=\"980\" height=\"256\" src=\"https:\/\/www.archuntgame.com\/wp-content\/uploads\/2021\/05\/ARCHUNT_reglas-correccion-de-errores-Recuperado-04-1024x267.jpg\" class=\"attachment-large size-large wp-image-560\" alt=\"\" srcset=\"https:\/\/www.archuntgame.com\/wp-content\/uploads\/2021\/05\/ARCHUNT_reglas-correccion-de-errores-Recuperado-04-1024x267.jpg 1024w, https:\/\/www.archuntgame.com\/wp-content\/uploads\/2021\/05\/ARCHUNT_reglas-correccion-de-errores-Recuperado-04-300x78.jpg 300w, https:\/\/www.archuntgame.com\/wp-content\/uploads\/2021\/05\/ARCHUNT_reglas-correccion-de-errores-Recuperado-04-768x201.jpg 768w, https:\/\/www.archuntgame.com\/wp-content\/uploads\/2021\/05\/ARCHUNT_reglas-correccion-de-errores-Recuperado-04-416x109.jpg 416w, https:\/\/www.archuntgame.com\/wp-content\/uploads\/2021\/05\/ARCHUNT_reglas-correccion-de-errores-Recuperado-04.jpg 1080w\" sizes=\"(max-width: 980px) 100vw, 980px\" \/>\t\t\t\t\t\t\t\t\t\t\t\t\t\t\t<\/div>\n\t\t\t\t<\/div>\n\t\t\t\t\t<\/div>\n\t\t<\/div>\n\t\t\t\t\t<\/div>\n\t\t<\/section>\n\t\t\t\t<section class=\"elementor-section elementor-top-section elementor-element elementor-element-5485fc4 elementor-section-boxed elementor-section-height-default elementor-section-height-default\" data-id=\"5485fc4\" data-element_type=\"section\">\n\t\t\t\t\t\t<div class=\"elementor-container elementor-column-gap-default\">\n\t\t\t\t\t<div class=\"elementor-column elementor-col-50 elementor-top-column elementor-element elementor-element-9d82f91\" data-id=\"9d82f91\" data-element_type=\"column\">\n\t\t\t<div class=\"elementor-widget-wrap elementor-element-populated\">\n\t\t\t\t\t\t<div class=\"elementor-element elementor-element-1cbd704 elementor-widget elementor-widget-text-editor\" data-id=\"1cbd704\" data-element_type=\"widget\" data-widget_type=\"text-editor.default\">\n\t\t\t\t<div class=\"elementor-widget-container\">\n\t\t\t\t\t\t\t\t\t<p style=\"text-align: center;\">\u00a0 \u00a0 \u00a0 \u00a0votre jeu initial<\/p>\t\t\t\t\t\t\t\t<\/div>\n\t\t\t\t<\/div>\n\t\t\t\t\t<\/div>\n\t\t<\/div>\n\t\t\t\t<div class=\"elementor-column elementor-col-50 elementor-top-column elementor-element elementor-element-f55ce67\" data-id=\"f55ce67\" data-element_type=\"column\">\n\t\t\t<div class=\"elementor-widget-wrap elementor-element-populated\">\n\t\t\t\t\t\t<div class=\"elementor-element elementor-element-36b723c elementor-widget elementor-widget-text-editor\" data-id=\"36b723c\" data-element_type=\"widget\" data-widget_type=\"text-editor.default\">\n\t\t\t\t<div class=\"elementor-widget-container\">\n\t\t\t\t\t\t\t\t\t<p style=\"text-align: center;\">exemple de table de jeu\u00a0 \u00a0 \u00a0 \u00a0<\/p>\t\t\t\t\t\t\t\t<\/div>\n\t\t\t\t<\/div>\n\t\t\t\t\t<\/div>\n\t\t<\/div>\n\t\t\t\t\t<\/div>\n\t\t<\/section>\n\t\t\t\t<section class=\"elementor-section elementor-top-section elementor-element elementor-element-8dd53d7 elementor-section-boxed elementor-section-height-default elementor-section-height-default\" data-id=\"8dd53d7\" data-element_type=\"section\">\n\t\t\t\t\t\t<div class=\"elementor-container elementor-column-gap-default\">\n\t\t\t\t\t<div class=\"elementor-column elementor-col-100 elementor-top-column elementor-element elementor-element-cdb9ae8\" data-id=\"cdb9ae8\" data-element_type=\"column\">\n\t\t\t<div class=\"elementor-widget-wrap elementor-element-populated\">\n\t\t\t\t\t\t<div class=\"elementor-element elementor-element-599a2a3 elementor-widget elementor-widget-text-editor\" data-id=\"599a2a3\" data-element_type=\"widget\" data-widget_type=\"text-editor.default\">\n\t\t\t\t<div class=\"elementor-widget-container\">\n\t\t\t\t\t\t\t\t\t<p><strong>D\u00c9ROULEMENT DU JEU<\/strong><\/p>\n<p>Le joueur repr\u00e9sentant l\u2019\u00e9poque la plus ancienne commence. <br \/>Un tour se d\u00e9roule de la mani\u00e8re suivante :<\/p>\n<ol>\n<li>Le joueur commence par choisir entre prendre 2 pi\u00e8ces de la r\u00e9serve ou 1 carte de la pioche. <\/li>\n<li>Il r\u00e9cup\u00e8re \u00e9galement les \u00e9ventuelles pi\u00e8ces que lui octroie les b\u00e2timents construits de son \u00e9poque (voir la rubrique cartes R\u00d4LE).<\/li>\n<li>Une fois cela fait, il doit jouer une carte de sa main : soit construire un b\u00e2timent en payant la valeur de ce dernier soit jouer une carte ACTION gratuitement. Si le joueur ne veut pas ou ne peut pas jouer, il doit se d\u00e9faire d\u2019une carte qui est plac\u00e9e face visible dans la pile de d\u00e9fausse.<\/li>\n<li>La main passe alors au joueur suivant et ainsi de suite. Si apr\u00e8s l\u2019\u00e9tape 2 un joueur n\u2019a aucune carte, son tour s\u2019arr\u00eate.<\/li>\n<\/ol>\n<p>Le jeu se d\u00e9roule dans le sens contraire des aiguilles d\u2019une montre.<\/p>\n<p><!-- \/wp:paragraph --><\/p>\n<p><!-- wp:image {\"align\":\"center\",\"id\":513,\"sizeSlug\":\"large\",\"linkDestination\":\"none\",\"className\":\"is-style-default\"} --><\/p>\t\t\t\t\t\t\t\t<\/div>\n\t\t\t\t<\/div>\n\t\t\t\t\t<\/div>\n\t\t<\/div>\n\t\t\t\t\t<\/div>\n\t\t<\/section>\n\t\t\t\t<section class=\"elementor-section elementor-top-section elementor-element elementor-element-8f03006 elementor-section-boxed elementor-section-height-default elementor-section-height-default\" data-id=\"8f03006\" data-element_type=\"section\">\n\t\t\t\t\t\t<div class=\"elementor-container elementor-column-gap-default\">\n\t\t\t\t\t<div class=\"elementor-column elementor-col-100 elementor-top-column elementor-element elementor-element-7a49fbf\" data-id=\"7a49fbf\" data-element_type=\"column\">\n\t\t\t<div class=\"elementor-widget-wrap elementor-element-populated\">\n\t\t\t\t\t\t<div class=\"elementor-element elementor-element-2df71fb elementor-widget elementor-widget-text-editor\" data-id=\"2df71fb\" data-element_type=\"widget\" data-widget_type=\"text-editor.default\">\n\t\t\t\t<div class=\"elementor-widget-container\">\n\t\t\t\t\t\t\t\t\t<p><strong>FIN DU JEU ET COMPTAGE DES POINTS<\/strong><\/p>\n<p>Le jeu se termine lorsqu\u2019un joueur parvient \u00e0 construire 8 b\u00e2timents. Les collections de 8 b\u00e2timents ne peuvent \u00eatre impact\u00e9es par aucune carte ACTION. Il faut n\u00e9anmoins finir le tour jusqu\u2019au dernier joueur pour que chacun ait jou\u00e9 le m\u00eame nombre de fois.<\/p>\n<p>Les points sont ensuite comptabilis\u00e9s comme d\u00e9crit ci-dessous :<\/p>\n<ul>\n<li>1 point par point de valeur des b\u00e2timents de sa collection.<\/li>\n<li>2 points si le joueur a construit 8 b\u00e2timents.<\/li>\n<li>3 points si le joueur a construit le b\u00e2timent embl\u00e9matique de son \u00e9poque.<\/li>\n<li>6 points si tous les b\u00e2timents construits sont d\u2019une \u00e9poque diff\u00e9rente (valable pour des collections de 6 b\u00e2timents ou plus).<\/li>\n<\/ul>\n<p>En cas d\u2019\u00e9galit\u00e9, le joueur avec le plus de pi\u00e8ces gagne. Si le nombre de pi\u00e8ce est \u00e9gal, c\u2019est le joueur qui a construit le b\u00e2timent ayant la plus petite valeur qui l\u2019emporte.<\/p>\n<p><!-- \/wp:paragraph --><\/p>\n<p><!-- wp:image {\"align\":\"center\",\"id\":513,\"sizeSlug\":\"large\",\"linkDestination\":\"none\",\"className\":\"is-style-default\"} --><\/p>\t\t\t\t\t\t\t\t<\/div>\n\t\t\t\t<\/div>\n\t\t\t\t\t<\/div>\n\t\t<\/div>\n\t\t\t\t\t<\/div>\n\t\t<\/section>\n\t\t\t\t<\/div>\n\t\t","protected":false},"excerpt":{"rendered":"<p>CONTEXTE Chaque joueur repr\u00e9sente un architecte c\u00e9l\u00e8bre. L\u2019objectif de chacun est de marquer le plus de points possible en construisant la plus belle collection de b\u00e2timents embl\u00e9matiques. Pour cela, chaque joueur doit essayer de construire 8 b\u00e2timents \u00e0 l\u2019aide de pi\u00e8ces et des cartes de sa main. Il s\u2019agit donc d\u2019un jeu de gestion et [&hellip;]<\/p>\n","protected":false},"author":1,"featured_media":0,"parent":0,"menu_order":0,"comment_status":"closed","ping_status":"closed","template":"","meta":{"footnotes":""},"class_list":["post-558","page","type-page","status-publish","hentry"],"_links":{"self":[{"href":"https:\/\/www.archuntgame.com\/index.php\/wp-json\/wp\/v2\/pages\/558","targetHints":{"allow":["GET"]}}],"collection":[{"href":"https:\/\/www.archuntgame.com\/index.php\/wp-json\/wp\/v2\/pages"}],"about":[{"href":"https:\/\/www.archuntgame.com\/index.php\/wp-json\/wp\/v2\/types\/page"}],"author":[{"embeddable":true,"href":"https:\/\/www.archuntgame.com\/index.php\/wp-json\/wp\/v2\/users\/1"}],"replies":[{"embeddable":true,"href":"https:\/\/www.archuntgame.com\/index.php\/wp-json\/wp\/v2\/comments?post=558"}],"version-history":[{"count":5,"href":"https:\/\/www.archuntgame.com\/index.php\/wp-json\/wp\/v2\/pages\/558\/revisions"}],"predecessor-version":[{"id":564,"href":"https:\/\/www.archuntgame.com\/index.php\/wp-json\/wp\/v2\/pages\/558\/revisions\/564"}],"wp:attachment":[{"href":"https:\/\/www.archuntgame.com\/index.php\/wp-json\/wp\/v2\/media?parent=558"}],"curies":[{"name":"wp","href":"https:\/\/api.w.org\/{rel}","templated":true}]}}