{"id":53,"date":"2021-02-23T18:31:56","date_gmt":"2021-02-23T18:31:56","guid":{"rendered":"https:\/\/www.archuntgame.com\/?page_id=53"},"modified":"2021-05-17T17:35:56","modified_gmt":"2021-05-17T17:35:56","slug":"como-jugar","status":"publish","type":"page","link":"https:\/\/www.archuntgame.com\/index.php\/como-jugar\/","title":{"rendered":"C\u00f3mo jugar"},"content":{"rendered":"\t\t<div data-elementor-type=\"wp-page\" data-elementor-id=\"53\" class=\"elementor elementor-53\">\n\t\t\t\t\t\t<section class=\"elementor-section elementor-top-section elementor-element elementor-element-89dadca elementor-section-boxed elementor-section-height-default elementor-section-height-default\" data-id=\"89dadca\" data-element_type=\"section\">\n\t\t\t\t\t\t<div class=\"elementor-container elementor-column-gap-default\">\n\t\t\t\t\t<div class=\"elementor-column elementor-col-100 elementor-top-column elementor-element elementor-element-7e2fbbb\" data-id=\"7e2fbbb\" data-element_type=\"column\">\n\t\t\t<div class=\"elementor-widget-wrap elementor-element-populated\">\n\t\t\t\t\t\t<div class=\"elementor-element elementor-element-f8c4da1 elementor-widget elementor-widget-text-editor\" data-id=\"f8c4da1\" data-element_type=\"widget\" data-widget_type=\"text-editor.default\">\n\t\t\t\t<div class=\"elementor-widget-container\">\n\t\t\t\t\t\t\t\t\t<p><strong>CONTEXTO<\/strong><\/p><p>Cada jugador representa a un c\u00e9lebre arquitecto. El objetivo es conseguir el m\u00e1ximo de puntos posible construyendo la m\u00e1s bella de las colecciones de edificios emblem\u00e1ticos. Para ello, cada jugador debe intentar construir 8 edificios con la ayuda de las monedas y las cartas de su mano. Se trata, por tanto, de un juego de gesti\u00f3n y estrategia en el que la suerte puede tener jugar un papel importante.<\/p><p><strong>PREPARACI\u00d3N DEL JUEGO<\/strong><\/p><p>Para empezar, cada jugador recibe 4 cartas de juego y 3 monedas.<br \/>A continuaci\u00f3n, cada uno eligeuna carta de ROL al azar que coloca bocarriba frente a \u00e9l. En funci\u00f3n de la carta obtenida, el jugador recibe un bonus diferente. El resto de cartas de juego forman el mazo. Las monedas sobrantes se colocan al lado, en la reserva.<\/p><p><!-- \/wp:paragraph --><\/p><p><!-- wp:image {\"align\":\"center\",\"id\":513,\"sizeSlug\":\"large\",\"linkDestination\":\"none\",\"className\":\"is-style-default\"} --><\/p>\t\t\t\t\t\t\t\t<\/div>\n\t\t\t\t<\/div>\n\t\t\t\t\t<\/div>\n\t\t<\/div>\n\t\t\t\t\t<\/div>\n\t\t<\/section>\n\t\t\t\t<section class=\"elementor-section elementor-top-section elementor-element elementor-element-8f034e3 elementor-section-boxed elementor-section-height-default elementor-section-height-default\" data-id=\"8f034e3\" data-element_type=\"section\">\n\t\t\t\t\t\t<div class=\"elementor-container elementor-column-gap-default\">\n\t\t\t\t\t<div class=\"elementor-column elementor-col-100 elementor-top-column elementor-element elementor-element-5bac744\" data-id=\"5bac744\" data-element_type=\"column\">\n\t\t\t<div class=\"elementor-widget-wrap elementor-element-populated\">\n\t\t\t\t\t\t<div class=\"elementor-element elementor-element-e623206 elementor-widget elementor-widget-image\" data-id=\"e623206\" data-element_type=\"widget\" data-widget_type=\"image.default\">\n\t\t\t\t<div class=\"elementor-widget-container\">\n\t\t\t\t\t\t\t\t\t\t\t\t\t\t\t<img fetchpriority=\"high\" decoding=\"async\" width=\"980\" height=\"271\" src=\"https:\/\/www.archuntgame.com\/wp-content\/uploads\/2021\/05\/jugadores-01-04-1024x283.jpg\" class=\"attachment-large size-large wp-image-513\" alt=\"\" srcset=\"https:\/\/www.archuntgame.com\/wp-content\/uploads\/2021\/05\/jugadores-01-04-1024x283.jpg 1024w, https:\/\/www.archuntgame.com\/wp-content\/uploads\/2021\/05\/jugadores-01-04-300x83.jpg 300w, https:\/\/www.archuntgame.com\/wp-content\/uploads\/2021\/05\/jugadores-01-04-768x213.jpg 768w, https:\/\/www.archuntgame.com\/wp-content\/uploads\/2021\/05\/jugadores-01-04-416x115.jpg 416w, https:\/\/www.archuntgame.com\/wp-content\/uploads\/2021\/05\/jugadores-01-04.jpg 1077w\" sizes=\"(max-width: 980px) 100vw, 980px\" \/>\t\t\t\t\t\t\t\t\t\t\t\t\t\t\t<\/div>\n\t\t\t\t<\/div>\n\t\t\t\t\t<\/div>\n\t\t<\/div>\n\t\t\t\t\t<\/div>\n\t\t<\/section>\n\t\t\t\t<section class=\"elementor-section elementor-top-section elementor-element elementor-element-5485fc4 elementor-section-boxed elementor-section-height-default elementor-section-height-default\" data-id=\"5485fc4\" data-element_type=\"section\">\n\t\t\t\t\t\t<div class=\"elementor-container elementor-column-gap-default\">\n\t\t\t\t\t<div class=\"elementor-column elementor-col-50 elementor-top-column elementor-element elementor-element-9d82f91\" data-id=\"9d82f91\" data-element_type=\"column\">\n\t\t\t<div class=\"elementor-widget-wrap elementor-element-populated\">\n\t\t\t\t\t\t<div class=\"elementor-element elementor-element-1cbd704 elementor-widget elementor-widget-text-editor\" data-id=\"1cbd704\" data-element_type=\"widget\" data-widget_type=\"text-editor.default\">\n\t\t\t\t<div class=\"elementor-widget-container\">\n\t\t\t\t\t\t\t\t\t<p style=\"text-align: center;\">\u00a0 \u00a0 \u00a0 \u00a0tu juego inicial<\/p>\t\t\t\t\t\t\t\t<\/div>\n\t\t\t\t<\/div>\n\t\t\t\t\t<\/div>\n\t\t<\/div>\n\t\t\t\t<div class=\"elementor-column elementor-col-50 elementor-top-column elementor-element elementor-element-f55ce67\" data-id=\"f55ce67\" data-element_type=\"column\">\n\t\t\t<div class=\"elementor-widget-wrap elementor-element-populated\">\n\t\t\t\t\t\t<div class=\"elementor-element elementor-element-36b723c elementor-widget elementor-widget-text-editor\" data-id=\"36b723c\" data-element_type=\"widget\" data-widget_type=\"text-editor.default\">\n\t\t\t\t<div class=\"elementor-widget-container\">\n\t\t\t\t\t\t\t\t\t<p style=\"text-align: center;\">ejemplo de mesa de juego\u00a0 \u00a0 \u00a0 \u00a0<\/p>\t\t\t\t\t\t\t\t<\/div>\n\t\t\t\t<\/div>\n\t\t\t\t\t<\/div>\n\t\t<\/div>\n\t\t\t\t\t<\/div>\n\t\t<\/section>\n\t\t\t\t<section class=\"elementor-section elementor-top-section elementor-element elementor-element-8dd53d7 elementor-section-boxed elementor-section-height-default elementor-section-height-default\" data-id=\"8dd53d7\" data-element_type=\"section\">\n\t\t\t\t\t\t<div class=\"elementor-container elementor-column-gap-default\">\n\t\t\t\t\t<div class=\"elementor-column elementor-col-100 elementor-top-column elementor-element elementor-element-cdb9ae8\" data-id=\"cdb9ae8\" data-element_type=\"column\">\n\t\t\t<div class=\"elementor-widget-wrap elementor-element-populated\">\n\t\t\t\t\t\t<div class=\"elementor-element elementor-element-599a2a3 elementor-widget elementor-widget-text-editor\" data-id=\"599a2a3\" data-element_type=\"widget\" data-widget_type=\"text-editor.default\">\n\t\t\t\t<div class=\"elementor-widget-container\">\n\t\t\t\t\t\t\t\t\t<p><strong>DESARROLLO DE LA PARTIDA<\/strong><\/p><p>El jugador que represente la \u00e9poca m\u00e1s antigua comienza la partida.<\/p><p>El turno se desarrolla de la siguiente manera:<\/p><ol><li>\u00a0El jugador comienza eligiendo entre coger dos monedas de la reserva o robar una carta del mazo.<\/li><li>\u00a0Recauda las monedas correspondientes a los edificios de su \u00e9poca que tenga en su colecci\u00f3n.<\/li><li>Una vez hecho esto, debe jugar una carta: bien construyendo un edificio pagando su valor, bien jugando una carta de ACCI\u00d3N. Si el jugador no quiere o puede jugar, debe deshacerse de una carta, que se coloca en la pila de descartes. El turno pasa entonces al siguiente jugador, y as\u00ed consecutivamente. Si, despu\u00e9s de elegir entre cartas o monedas, un jugador no tiene cartas en la mano, se pasa su turno.<\/li><\/ol><p>El juego se desarrolla en el sentido contrario a las agujas del reloj.<\/p><p><!-- \/wp:paragraph --><\/p><p><!-- wp:image {\"align\":\"center\",\"id\":513,\"sizeSlug\":\"large\",\"linkDestination\":\"none\",\"className\":\"is-style-default\"} --><\/p>\t\t\t\t\t\t\t\t<\/div>\n\t\t\t\t<\/div>\n\t\t\t\t\t<\/div>\n\t\t<\/div>\n\t\t\t\t\t<\/div>\n\t\t<\/section>\n\t\t\t\t<section class=\"elementor-section elementor-top-section elementor-element elementor-element-8f03006 elementor-section-boxed elementor-section-height-default elementor-section-height-default\" data-id=\"8f03006\" data-element_type=\"section\">\n\t\t\t\t\t\t<div class=\"elementor-container elementor-column-gap-default\">\n\t\t\t\t\t<div class=\"elementor-column elementor-col-100 elementor-top-column elementor-element elementor-element-7a49fbf\" data-id=\"7a49fbf\" data-element_type=\"column\">\n\t\t\t<div class=\"elementor-widget-wrap elementor-element-populated\">\n\t\t\t\t\t\t<div class=\"elementor-element elementor-element-2df71fb elementor-widget elementor-widget-text-editor\" data-id=\"2df71fb\" data-element_type=\"widget\" data-widget_type=\"text-editor.default\">\n\t\t\t\t<div class=\"elementor-widget-container\">\n\t\t\t\t\t\t\t\t\t<p><strong>FINAL DE LA PARTIDA Y RECUENTO DE PUNTOS<\/strong><\/p><p>El juego termina cuando un jugador consigue construir 8 edificios. Sin embargo, hay que acabar la ronda hasta el \u00faltimo jugador, para que todos hayan jugado el mismo n\u00famero de turnos.<\/p><p>Las colecciones de 8 edificios no se pueden modificar con ninguna carta de ACCI\u00d3N.\u00a0<\/p><p>Los puntos se distribuyen de la siguiente forma:<\/p><ul><li>1 punto por cada punto de valor de los edificios construidos.<\/li><li>2 puntos por haber construido 8 edificios.<\/li><li>3 puntos por haber construido el edificio emblem\u00e1tico de su \u00e9poca.<\/li><li>6 puntos si todos los edificios construidos son de \u00e9pocas son de \u00e9pocas diferentes. V\u00e1lido para colecciones de 6 o m\u00e1s edificios.<\/li><\/ul><p>En caso de empate, gana el jugador con m\u00e1s monedas. Si el n\u00famero de monedas es el mismo, el jugador con el edificio de valor m\u00e1s bajo es el vencedor.<\/p><p><!-- \/wp:paragraph --><\/p><p><!-- wp:image {\"align\":\"center\",\"id\":513,\"sizeSlug\":\"large\",\"linkDestination\":\"none\",\"className\":\"is-style-default\"} --><\/p>\t\t\t\t\t\t\t\t<\/div>\n\t\t\t\t<\/div>\n\t\t\t\t\t<\/div>\n\t\t<\/div>\n\t\t\t\t\t<\/div>\n\t\t<\/section>\n\t\t\t\t<\/div>\n\t\t","protected":false},"excerpt":{"rendered":"<p>CONTEXTO Cada jugador representa a un c\u00e9lebre arquitecto. El objetivo es conseguir el m\u00e1ximo de puntos posible construyendo la m\u00e1s bella de las colecciones de edificios emblem\u00e1ticos. Para ello, cada jugador debe intentar construir 8 edificios con la ayuda de las monedas y las cartas de su mano. Se trata, por tanto, de un juego [&hellip;]<\/p>\n","protected":false},"author":1,"featured_media":0,"parent":0,"menu_order":0,"comment_status":"closed","ping_status":"closed","template":"","meta":{"footnotes":""},"class_list":["post-53","page","type-page","status-publish","hentry"],"_links":{"self":[{"href":"https:\/\/www.archuntgame.com\/index.php\/wp-json\/wp\/v2\/pages\/53","targetHints":{"allow":["GET"]}}],"collection":[{"href":"https:\/\/www.archuntgame.com\/index.php\/wp-json\/wp\/v2\/pages"}],"about":[{"href":"https:\/\/www.archuntgame.com\/index.php\/wp-json\/wp\/v2\/types\/page"}],"author":[{"embeddable":true,"href":"https:\/\/www.archuntgame.com\/index.php\/wp-json\/wp\/v2\/users\/1"}],"replies":[{"embeddable":true,"href":"https:\/\/www.archuntgame.com\/index.php\/wp-json\/wp\/v2\/comments?post=53"}],"version-history":[{"count":4,"href":"https:\/\/www.archuntgame.com\/index.php\/wp-json\/wp\/v2\/pages\/53\/revisions"}],"predecessor-version":[{"id":516,"href":"https:\/\/www.archuntgame.com\/index.php\/wp-json\/wp\/v2\/pages\/53\/revisions\/516"}],"wp:attachment":[{"href":"https:\/\/www.archuntgame.com\/index.php\/wp-json\/wp\/v2\/media?parent=53"}],"curies":[{"name":"wp","href":"https:\/\/api.w.org\/{rel}","templated":true}]}}